{"id":57,"date":"2025-09-13T17:46:27","date_gmt":"2025-09-13T17:46:27","guid":{"rendered":"https:\/\/gwunder-bar.ch\/?page_id=57"},"modified":"2025-09-13T17:46:27","modified_gmt":"2025-09-13T17:46:27","slug":"waldbaden-preise","status":"publish","type":"page","link":"https:\/\/gwunder-bar.ch\/?page_id=57","title":{"rendered":"Waldbaden &#8211; Preise"},"content":{"rendered":"\n<h2 class=\"wp-block-heading\">Preise<\/h2>\n\n\n\n<p>CHF 50 pro Person und pro Kurs f\u00fcr ca. 1,5 Stunden (In Kombination mit Ged\u00e4chtnistraining CHF 60).<br>Ab 2 Personen CHF 25 pro Person und Kurs f\u00fcr ca. 1,5 Stunden, maximal 6 Personen pro Kurs.<\/p>\n","protected":false},"excerpt":{"rendered":"<p>Preise CHF 50 pro Person und pro Kurs f\u00fcr ca. 1,5 Stunden (In Kombination mit Ged\u00e4chtnistraining CHF 60).Ab 2 Personen CHF 25 pro Person und Kurs f\u00fcr ca. 1,5 Stunden,<\/p>\n<p><a href=\"https:\/\/gwunder-bar.ch\/?page_id=57\" class=\"more-link\">Continue reading<span class=\"screen-reader-text\">Waldbaden &#8211; Preise<\/span><\/a><\/p>\n","protected":false},"author":1,"featured_media":0,"parent":0,"menu_order":0,"comment_status":"closed","ping_status":"closed","template":"","meta":{"footnotes":""},"class_list":["post-57","page","type-page","status-publish","hentry"],"_links":{"self":[{"href":"https:\/\/gwunder-bar.ch\/index.php?rest_route=\/wp\/v2\/pages\/57","targetHints":{"allow":["GET"]}}],"collection":[{"href":"https:\/\/gwunder-bar.ch\/index.php?rest_route=\/wp\/v2\/pages"}],"about":[{"href":"https:\/\/gwunder-bar.ch\/index.php?rest_route=\/wp\/v2\/types\/page"}],"author":[{"embeddable":true,"href":"https:\/\/gwunder-bar.ch\/index.php?rest_route=\/wp\/v2\/users\/1"}],"replies":[{"embeddable":true,"href":"https:\/\/gwunder-bar.ch\/index.php?rest_route=%2Fwp%2Fv2%2Fcomments&post=57"}],"version-history":[{"count":1,"href":"https:\/\/gwunder-bar.ch\/index.php?rest_route=\/wp\/v2\/pages\/57\/revisions"}],"predecessor-version":[{"id":58,"href":"https:\/\/gwunder-bar.ch\/index.php?rest_route=\/wp\/v2\/pages\/57\/revisions\/58"}],"wp:attachment":[{"href":"https:\/\/gwunder-bar.ch\/index.php?rest_route=%2Fwp%2Fv2%2Fmedia&parent=57"}],"curies":[{"name":"wp","href":"https:\/\/api.w.org\/{rel}","templated":true}]}}