{"id":55,"date":"2025-09-13T17:46:06","date_gmt":"2025-09-13T17:46:06","guid":{"rendered":"https:\/\/gwunder-bar.ch\/?page_id=55"},"modified":"2025-09-13T17:46:06","modified_gmt":"2025-09-13T17:46:06","slug":"waldbaden-ablauf","status":"publish","type":"page","link":"https:\/\/gwunder-bar.ch\/?page_id=55","title":{"rendered":"Waldbaden &#8211; Ablauf"},"content":{"rendered":"\n<h2 class=\"wp-block-heading\">Wie l\u00e4uft ein Waldbadenkurs ab?<\/h2>\n\n\n\n<p>Grob gesagt setzt sich das Waldbad aus drei Komponenten zusammen; langsames Gehen, Stille und Achtsamkeit. Wir bewegen uns \u00abziellos\u00bb und ganz langsam durch den Wald, schlendern, bleiben stehen oder setzen uns, und lassen uns dabei mit unseren Sinnen ganz auf unsere Umgebung ein.<\/p>\n\n\n\n<p>Wir \u00fcben die Wahrnehmung unserer Sinne, die Achtsamkeit, das Staunen und die Dankbarkeit. Es folgt eine Pause, Gespr\u00e4che oder Stille. Und Nein, Du&nbsp;<em>musst<\/em>&nbsp;keine B\u00e4ume umarmen! Falls gew\u00fcnscht (wird zu Beginn abgemacht) kannst Du mir gegen Ende des Waldbades Deine Empfindungen, Erlebnisse und Eindr\u00fccke mitteilen. Das ist optional!<\/p>\n\n\n\n<p class=\"is-style-default\">Unser Waldbad dauert ca. 1,5 Stunden, in dieser Zeit gehen (bzw. schlendern&nbsp;wir ca. 1,5 und 2,5 km. Was am Anfang manch einem noch schwerfallen mag, ist oft nach dreissig Minuten im Wald eine wundervolle Erfahrung, n\u00e4mlich genau durch besagte Langsamkeit einfach nur zu sein. Waldbaden bedeutet Entschleunigung pur! Wir nehmen uns Zeit zum Entdecken, Staunen und die Seele baumeln zu lassen. Es geht darum, dass Du am Ende entspannt, gest\u00e4rkt, gelassen und fr\u00f6hlich wieder im Alltag ankommst.<\/p>\n","protected":false},"excerpt":{"rendered":"<p>Wie l\u00e4uft ein Waldbadenkurs ab? Grob gesagt setzt sich das Waldbad aus drei Komponenten zusammen; langsames Gehen, Stille und Achtsamkeit. Wir bewegen uns \u00abziellos\u00bb und ganz langsam durch den Wald,<\/p>\n<p><a href=\"https:\/\/gwunder-bar.ch\/?page_id=55\" class=\"more-link\">Continue reading<span class=\"screen-reader-text\">Waldbaden &#8211; Ablauf<\/span><\/a><\/p>\n","protected":false},"author":1,"featured_media":0,"parent":0,"menu_order":0,"comment_status":"closed","ping_status":"closed","template":"","meta":{"footnotes":""},"class_list":["post-55","page","type-page","status-publish","hentry"],"_links":{"self":[{"href":"https:\/\/gwunder-bar.ch\/index.php?rest_route=\/wp\/v2\/pages\/55","targetHints":{"allow":["GET"]}}],"collection":[{"href":"https:\/\/gwunder-bar.ch\/index.php?rest_route=\/wp\/v2\/pages"}],"about":[{"href":"https:\/\/gwunder-bar.ch\/index.php?rest_route=\/wp\/v2\/types\/page"}],"author":[{"embeddable":true,"href":"https:\/\/gwunder-bar.ch\/index.php?rest_route=\/wp\/v2\/users\/1"}],"replies":[{"embeddable":true,"href":"https:\/\/gwunder-bar.ch\/index.php?rest_route=%2Fwp%2Fv2%2Fcomments&post=55"}],"version-history":[{"count":1,"href":"https:\/\/gwunder-bar.ch\/index.php?rest_route=\/wp\/v2\/pages\/55\/revisions"}],"predecessor-version":[{"id":56,"href":"https:\/\/gwunder-bar.ch\/index.php?rest_route=\/wp\/v2\/pages\/55\/revisions\/56"}],"wp:attachment":[{"href":"https:\/\/gwunder-bar.ch\/index.php?rest_route=%2Fwp%2Fv2%2Fmedia&parent=55"}],"curies":[{"name":"wp","href":"https:\/\/api.w.org\/{rel}","templated":true}]}}