{"id":53,"date":"2025-09-13T17:45:41","date_gmt":"2025-09-13T17:45:41","guid":{"rendered":"https:\/\/gwunder-bar.ch\/?page_id=53"},"modified":"2025-09-13T17:45:41","modified_gmt":"2025-09-13T17:45:41","slug":"waldbaden-fakten","status":"publish","type":"page","link":"https:\/\/gwunder-bar.ch\/?page_id=53","title":{"rendered":"Waldbaden &#8211; Fakten"},"content":{"rendered":"\n<h2 class=\"wp-block-heading\"><strong>Welche (erforschte) Wirkung hat er ganz konkret auf die Gesundheit?<\/strong><\/h2>\n\n\n\n<ul class=\"wp-block-list\">\n<li>St\u00e4rkung des Immunsystems<\/li>\n\n\n\n<li>Senkung des Blutdrucks<\/li>\n\n\n\n<li>Stimulation der Sinne<\/li>\n\n\n\n<li>Tiefere Atmung<\/li>\n\n\n\n<li>Steigerung des k\u00f6rperlichen Wohlbefindens<\/li>\n\n\n\n<li>Steigerung von Gl\u00fccksgef\u00fchlen und Lebensfreude (Antidepressiv)<\/li>\n\n\n\n<li>Entspannung der Muskeln<\/li>\n\n\n\n<li>Stressabbau (Burnout Vorbeugung)<\/li>\n<\/ul>\n\n\n\n<p>Viele Studien aus der ganzen Welt und den verschiedenen Bereichen der Medizin und der Psychologie best\u00e4tigen die Heilkraft von regelm\u00e4ssigem Waldbaden und belegen messbare Effekte auf die Gesundheit.&nbsp;&nbsp;&nbsp;&nbsp;&nbsp;&nbsp;&nbsp;&nbsp;&nbsp;&nbsp;&nbsp;&nbsp;&nbsp;&nbsp;&nbsp;&nbsp;&nbsp;&nbsp;&nbsp;&nbsp;&nbsp;&nbsp;&nbsp;&nbsp;&nbsp;&nbsp;&nbsp;&nbsp;&nbsp;&nbsp;&nbsp;&nbsp;&nbsp;&nbsp;&nbsp;&nbsp;&nbsp;&nbsp;&nbsp;&nbsp;&nbsp;&nbsp;&nbsp;&nbsp;&nbsp;&nbsp;&nbsp;&nbsp;&nbsp;&nbsp;&nbsp;&nbsp;&nbsp;&nbsp;&nbsp;&nbsp;&nbsp;&nbsp;&nbsp;&nbsp;&nbsp;&nbsp;&nbsp;&nbsp;&nbsp;&nbsp;&nbsp;&nbsp;&nbsp;&nbsp;&nbsp;&nbsp;&nbsp;&nbsp;&nbsp;&nbsp;&nbsp;&nbsp;&nbsp;&nbsp;&nbsp;&nbsp;&nbsp;&nbsp;&nbsp;&nbsp;&nbsp;&nbsp;&nbsp;<\/p>\n\n\n\n<p>Der Wald schluckt L\u00e4rm, was sich positiv auf unsere Sinne auswirkt. Die wohltuende Atmosph\u00e4re des Waldes mit all seinen Farben \u2013 insbesondere gr\u00fcn und braun \u2013 und Ger\u00fcchen, seine \u00c4sthetik und seine besondere Luftqualit\u00e4t, wirkt positiv auf unser ganzes Sein und f\u00f6rdert Heilungsprozesse.<\/p>\n\n\n\n<p>Der Wald ist eine nat\u00fcrliche Ressource, die uns jederzeit zur Verf\u00fcgung steht. In die Natur zu gehen, ist eine der effektivsten M\u00f6glichkeiten, den inneren Akku aufzuladen.<\/p>\n\n\n\n<h2 class=\"wp-block-heading\">Warum nicht einfach ein Waldspaziergang?<\/h2>\n\n\n\n<p>Klar, die Wirkung der Waldatmosph\u00e4re sowie der gesundheitliche und wohltuende Einfluss des Waldes sind bei jedem Aufenthalt im Wald gegeben. Allerdings dient der Wald beim Wald<em>baden<\/em>&nbsp;nicht nur als Kulisse.&nbsp;In angeleiteten \u00dcbungen wird der Wald bewusst mit einbezogen und wir tauchen in die Atmosph\u00e4re des Waldes ein. Wir nehmen so quasi ein Vollbad im Wald!<\/p>\n\n\n\n<p>Ein angeleitetes Waldbad unterst\u00fctzt Dich dabei, den Alltag loszulassen, Energie zu tanken und einfach nur zu geniessen. Waldbaden dient so der pers\u00f6nlichen Gesunderhaltung und\/oder f\u00f6rdert den Heilungsprozess (innen und aussen).<\/p>\n\n\n\n<p>Falls gew\u00fcnscht, gebe ich Dir Anregungen f\u00fcr eine gelassenere und ges\u00fcndere Lebensweise.<\/p>\n\n\n\n<p>Meine Waldbaden-Angebote sind&nbsp;<em>esoterikfrei<\/em>&nbsp;und beruhen auf wissenschaftlichen Erkenntnissen der Gesundheitspr\u00e4vention!<\/p>\n\n\n\n<p>Sie ersetzen dabei keinen Arzt oder Therapeuten, aber Waldbaden kann Arzt und Therapeut vorbeugen und\/oder unterst\u00fctzen!<\/p>\n","protected":false},"excerpt":{"rendered":"<p>Welche (erforschte) Wirkung hat er ganz konkret auf die Gesundheit? Viele Studien aus der ganzen Welt und den verschiedenen Bereichen der Medizin und der Psychologie best\u00e4tigen die Heilkraft von regelm\u00e4ssigem<\/p>\n<p><a href=\"https:\/\/gwunder-bar.ch\/?page_id=53\" class=\"more-link\">Continue reading<span class=\"screen-reader-text\">Waldbaden &#8211; Fakten<\/span><\/a><\/p>\n","protected":false},"author":1,"featured_media":0,"parent":0,"menu_order":0,"comment_status":"closed","ping_status":"closed","template":"","meta":{"footnotes":""},"class_list":["post-53","page","type-page","status-publish","hentry"],"_links":{"self":[{"href":"https:\/\/gwunder-bar.ch\/index.php?rest_route=\/wp\/v2\/pages\/53","targetHints":{"allow":["GET"]}}],"collection":[{"href":"https:\/\/gwunder-bar.ch\/index.php?rest_route=\/wp\/v2\/pages"}],"about":[{"href":"https:\/\/gwunder-bar.ch\/index.php?rest_route=\/wp\/v2\/types\/page"}],"author":[{"embeddable":true,"href":"https:\/\/gwunder-bar.ch\/index.php?rest_route=\/wp\/v2\/users\/1"}],"replies":[{"embeddable":true,"href":"https:\/\/gwunder-bar.ch\/index.php?rest_route=%2Fwp%2Fv2%2Fcomments&post=53"}],"version-history":[{"count":1,"href":"https:\/\/gwunder-bar.ch\/index.php?rest_route=\/wp\/v2\/pages\/53\/revisions"}],"predecessor-version":[{"id":54,"href":"https:\/\/gwunder-bar.ch\/index.php?rest_route=\/wp\/v2\/pages\/53\/revisions\/54"}],"wp:attachment":[{"href":"https:\/\/gwunder-bar.ch\/index.php?rest_route=%2Fwp%2Fv2%2Fmedia&parent=53"}],"curies":[{"name":"wp","href":"https:\/\/api.w.org\/{rel}","templated":true}]}}