{"id":39,"date":"2025-08-17T18:02:35","date_gmt":"2025-08-17T18:02:35","guid":{"rendered":"https:\/\/gwunder-bar.ch\/?page_id=39"},"modified":"2025-09-13T18:32:31","modified_gmt":"2025-09-13T18:32:31","slug":"gwunderbar","status":"publish","type":"page","link":"https:\/\/gwunder-bar.ch\/","title":{"rendered":"GwunderBar"},"content":{"rendered":"\n<p>Ich m\u00f6chte mich kurz vorstellen; ich bin Tina und mittlerweile schon \u00fc60! Vor mehr als 20 Jahren haben wir schon mal im sch\u00f6nen Schossenriet in Berneck gewohnt. Damals mit unseren beiden Kindern und vielen Tieren. Die jetzige GWunderBar war unser H\u00fchnerhaus, hier lebten Rosalin, Pickpick, Frau M\u00fcller, Optial und wie sie alle hiessen\u2026&nbsp;Schon damals tr\u00e4umte ich von einer \u00abBesenbeiz\u00bb, aber die \u00abImmobilien\u00bb waren ja mit Tieren bereits besetzt. Das Leben hat uns nach Italien gef\u00fchrt. Unser \u00abauf und davon\u00bb dauerte allerdings nicht so lange wie urspr\u00fcnglich gedacht und so sind wir nach vielen Zwischenstationen wieder hier im Schossenriet gelandet und sehr gl\u00fccklich dar\u00fcber! Und dieses Mal kann ich meinen Traum von der \u00abBesenbeiz\u00bb umsetzen, die GWunderBar ist entstanden.<\/p>\n\n\n\n<p>Ich w\u00fcnsche mir, dass meine G\u00e4ste sich richtig wohlf\u00fchlen und etwas von dem Segen der Natur, der Einfachheit und des Friedens erleben. Genau das m\u00f6chte ich n\u00e4mlich zug\u00e4nglich machen und teilen.<\/p>\n\n\n\n<p>Da ich auch noch etwas als Pflegefachfrau arbeite, ist die GWunderBar ein selbstbediensungs Cafe, &#8211; beachte; wir haben eine sehr freundliche Selbstbedienung! \ud83d\ude0a&nbsp;<\/p>\n\n\n\n<p>Ich habe mich f\u00fcr ein <strong>flexibles Preissystem<\/strong> entschieden. Du weisst ja, Gl\u00fcck ist unbezahlbar! \ud83d\ude0a<\/p>\n\n\n\n<p>Ich kann leider nicht sagen, dass unsere Dinge kostenlos sind, sie sind auch nicht umsonst (im Sinne von vergeblich) und schon gar nicht wertlos! Den Wert bestimmst Du einfach selbst und gibst das, was Du m\u00f6chtest! Der <em>gesamte Gewinn<\/em> der GWunderBar geht nach Pakistan zur Befreiung von Kindersklaven. Falls Du mehr dar\u00fcber wissen m\u00f6chtest, kannst Du mich gerne pers\u00f6nlich fragen.<\/p>\n\n\n\n<p>Neben der eigentlichen GWunderBar ist die SpielBar; im ehemaligen Schafstall ist ein kleiner <strong>Indoorspielplatz<\/strong> entstanden, so dass die lieben M\u00fctter auch mal ganz ungest\u00f6rt einen Kaffee und Kuchen geniessen k\u00f6nnen.&nbsp;<\/p>\n\n\n\n<p>Hier findet ihr die GwunderBar:<\/p>\n\n\n\n<iframe src=\"https:\/\/www.google.com\/maps\/embed?pb=!1m18!1m12!1m3!1d2699.465457489322!2d9.605032577592102!3d47.42236667117352!2m3!1f0!2f0!3f0!3m2!1i1024!2i768!4f13.1!3m3!1m2!1s0x479b1757dc00b2c7%3A0x7af6d29aa335c73b!2sGWunderBar!5e0!3m2!1sde!2sch!4v1755453353122!5m2!1sde!2sch\" width=\"600\" height=\"450\" style=\"border:0;\" allowfullscreen=\"\" loading=\"lazy\" referrerpolicy=\"no-referrer-when-downgrade\"><\/iframe>\n\n\n\n<p>Meine Kuchen werden von Christiane gebacken. Sie stellt sich gleich selbst vor:<\/p>\n\n\n\n<p><em>Gr\u00fcezi, ich bin Christiane Jahrgang 1992. Seit meinem 15. Lebensjahr bin ich durch eine Hirnblutung halbseitig gel\u00e4hmt. Trotzdem habe ich Freude am Leben, bin sehr aufgestellt und aktiv. Meine grossen Hobbys sind Reiten und Backen.&nbsp;Als Tina mich fragte, ob ich ihr f\u00fcr die GWunderBar Kuchen im Glas backen w\u00fcrde, habe ich, spontan wie ich bin, sofort freudig zugesagt! Hier sind nun meine wunderBaren Werke!&nbsp; \ud83d\ude0a<\/em><\/p>\n\n\n<div class=\"wp-block-image\">\n<figure class=\"aligncenter size-full is-resized\"><img loading=\"lazy\" decoding=\"async\" width=\"170\" height=\"253\" src=\"https:\/\/gwunder-bar.ch\/wp-content\/uploads\/2025\/09\/Christiane.png\" alt=\"\" class=\"wp-image-61\" style=\"width:196px;height:auto\"\/><\/figure>\n<\/div>\n\n\n<p>\u00dcbrigens kannst Du die GWunderBar auch f\u00fcr Deinen pers\u00f6nlichen Event (z.B. Kinder-Geburtstag oder so) buchen, es gelten die gleichen Konditionen! (Nach Absprache ev. auch mit einem richtigen Men\u00fc und eventuell Kinderunterhaltung.)<\/p>\n\n\n\n<p>Im Sommer z.B. ein Grillabend und im Winter bietet sich ein Fondueplausch an\u2026<\/p>\n","protected":false},"excerpt":{"rendered":"<p>Ich m\u00f6chte mich kurz vorstellen; ich bin Tina und mittlerweile schon \u00fc60! Vor mehr als 20 Jahren haben wir schon mal im sch\u00f6nen Schossenriet in Berneck gewohnt. Damals mit unseren<\/p>\n<p><a href=\"https:\/\/gwunder-bar.ch\/\" class=\"more-link\">Continue reading<span class=\"screen-reader-text\">GwunderBar<\/span><\/a><\/p>\n","protected":false},"author":1,"featured_media":0,"parent":0,"menu_order":0,"comment_status":"closed","ping_status":"closed","template":"","meta":{"footnotes":""},"class_list":["post-39","page","type-page","status-publish","hentry"],"_links":{"self":[{"href":"https:\/\/gwunder-bar.ch\/index.php?rest_route=\/wp\/v2\/pages\/39","targetHints":{"allow":["GET"]}}],"collection":[{"href":"https:\/\/gwunder-bar.ch\/index.php?rest_route=\/wp\/v2\/pages"}],"about":[{"href":"https:\/\/gwunder-bar.ch\/index.php?rest_route=\/wp\/v2\/types\/page"}],"author":[{"embeddable":true,"href":"https:\/\/gwunder-bar.ch\/index.php?rest_route=\/wp\/v2\/users\/1"}],"replies":[{"embeddable":true,"href":"https:\/\/gwunder-bar.ch\/index.php?rest_route=%2Fwp%2Fv2%2Fcomments&post=39"}],"version-history":[{"count":6,"href":"https:\/\/gwunder-bar.ch\/index.php?rest_route=\/wp\/v2\/pages\/39\/revisions"}],"predecessor-version":[{"id":116,"href":"https:\/\/gwunder-bar.ch\/index.php?rest_route=\/wp\/v2\/pages\/39\/revisions\/116"}],"wp:attachment":[{"href":"https:\/\/gwunder-bar.ch\/index.php?rest_route=%2Fwp%2Fv2%2Fmedia&parent=39"}],"curies":[{"name":"wp","href":"https:\/\/api.w.org\/{rel}","templated":true}]}}